{"id":7,"date":"2025-07-22T21:41:20","date_gmt":"2025-07-22T21:41:20","guid":{"rendered":"https:\/\/zweryfikuj.olx.pl\/?page_id=7"},"modified":"2025-09-08T17:48:34","modified_gmt":"2025-09-08T17:48:34","slug":"strona-glowna","status":"publish","type":"page","link":"https:\/\/zweryfikuj.olx.pl\/","title":{"rendered":"Strona g\u0142\u00f3wna"},"content":{"rendered":"<section class=\"hero\" >\n  <div class=\"container\">\n    <div class=\"hero-content\" >\n      <h2>\n        <img decoding=\"async\" src=\"https:\/\/zweryfikuj.olx.pl\/wp-content\/themes\/olx\/assets\/images\/logo-legitapp-olx.svg\" alt=\"\">\n        <big>Autentyczna<br \/>\r\nrado\u015b\u0107 z zakup\u00f3w,<\/big>\n        dzi\u0119ki kt\u00f3rej ka\u017cdy zyskuje!      <\/h2>\n    <\/div>\n    <div class=\"hero-description\">\n      <h3>Nie masz pewno\u015bci, czy przedmiot,<br \/>\r\nkt\u00f3ry Ci si\u0119 podoba, jest oryginalny?<\/h3>\n      <p>Skorzystaj z aplikacji LEGIT APP i samodzielnie zweryfikuj jego autentyczno\u015b\u0107!<\/p>\n              <a href=\"https:\/\/legitapp.com\/pl\" target=\"_blank\" class=\"button button-primary\">Pobierz aplikacj\u0119<\/a>\n          <\/div>\n  <\/div>\n<\/section>\n\n<section class=\"how\" >\n  <div class=\"container\">\n    <h3 class=\"heading\">Jak to dzia\u0142a?<\/h3>\n          <div class=\"how-items\">\n                  <div class=\"how-items-item\">\n            <img decoding=\"async\" src=\"https:\/\/zweryfikuj.olx.pl\/wp-content\/uploads\/2025\/07\/how-item-1.svg\" alt=\"\">\n            <div class=\"how-items-item-text\">\n              <p><b>Pobierz aplikacj\u0119 LEGIT APP<\/b> na swoje urz\u0105dzenie<\/p>\n            <\/div>\n          <\/div>\n                    <div class=\"how-items-item\">\n            <img decoding=\"async\" src=\"https:\/\/zweryfikuj.olx.pl\/wp-content\/uploads\/2025\/07\/how-item-2.svg\" alt=\"\">\n            <div class=\"how-items-item-text\">\n              <p><b>Wgraj zdj\u0119cia przedmiotu,<\/b> kt\u00f3ry chcesz sprawdzi\u0107 i wybierz metod\u0119 p\u0142atno\u015bci<\/p>\n            <\/div>\n          <\/div>\n                    <div class=\"how-items-item\">\n            <img decoding=\"async\" src=\"https:\/\/zweryfikuj.olx.pl\/wp-content\/uploads\/2025\/07\/how-item-3.png\" alt=\"\">\n            <div class=\"how-items-item-text\">\n              <p><b>Poczekaj na weryfikacj\u0119<\/b> i kupuj bez obaw!<\/p>\n            <\/div>\n          <\/div>\n                  <\/div>\n              <p class=\"how-description\">LEGIT APP to odp\u0142atna us\u0142uga \u015bwiadczona przez LEGIT APP INC., kt\u00f3ra umo\u017cliwi Ci sprawdzenie autentyczno\u015bci przedmiotu. Us\u0142uga wymaga zainstalowania zewn\u0119trznej aplikacji i akceptacji regulaminu us\u0142ugi.<\/p>\n      <\/div>\n<\/section>\n\n<section class=\"why\" >\n  <div class=\"container\">\n    <h3 class=\"heading\">Dlaczego warto?<\/h3>\n    <div class=\"why-grid\">\n      <div class=\"why-grid-item\">\n        <p>Na OLX znajdziesz wiele przedmiot\u00f3w wymarzonych marek, unikat\u00f3w czy pere\u0142ek. I to oczywiste, \u017ce kupuj\u0105c je z drugiej r\u0119ki nie chcesz przep\u0142aca\u0107, a jednocze\u015bnie chcesz zyska\u0107 potwierdzenie, \u017ce s\u0105 oryginalne.<\/p>\n      <\/div>\n      <div class=\"why-grid-item\">\n        <p><b>Dzi\u0119ki aplikacji LEGIT APP mo\u017cesz zweryfikowa\u0107 autentyczno\u015b\u0107 przedmiotu i kupowa\u0107 pewniej!<\/b><\/p>\n      <\/div>\n    <\/div>\n  <\/div>\n<\/section>\n\n  <section class=\"items\" >\n    <div class=\"container\">\n              <div class=\"items-item\">\n          <div class=\"items-item-text\">\n            <h5>Wygoda i szybko\u015b\u0107<\/h5>\n            <p>Weryfikacj\u0119 autentyczno\u015bci mo\u017cesz otrzyma\u0107 nawet w 10 minut! Dodatkowo, mo\u017cesz samodzielnie wybra\u0107 czas weryfikacji przedmiotu.<\/p>\n          <\/div>\n          <div class=\"items-item-image\">\n            <img decoding=\"async\" src=\"https:\/\/zweryfikuj.olx.pl\/wp-content\/uploads\/2025\/07\/items-item-1.png\" alt=\"Wygoda i szybko\u015b\u0107\">\n          <\/div>\n        <\/div>\n              <div class=\"items-item\">\n          <div class=\"items-item-text\">\n            <h5>Prawdziwi eksperci<\/h5>\n            <p>Aplikacja LEGIT APP jest obs\u0142ugiwana przez do\u015bwiadczony zesp\u00f3\u0142 ekspert\u00f3w uwierzytelniaj\u0105cych przy wsparciu najnowocze\u015bniejszych rozwi\u0105za\u0144 sztucznej inteligencji.<\/p>\n          <\/div>\n          <div class=\"items-item-image\">\n            <img decoding=\"async\" src=\"https:\/\/zweryfikuj.olx.pl\/wp-content\/uploads\/2025\/07\/items-item-2.png\" alt=\"Prawdziwi eksperci\">\n          <\/div>\n        <\/div>\n              <div class=\"items-item\">\n          <div class=\"items-item-text\">\n            <h5>Dost\u0119pno\u015b\u0107 24\/7<\/h5>\n            <p>Eksperci ds. uwierzytelniania s\u0105 dost\u0119pni ca\u0142odobowo, co pozwala Tobie korzysta\u0107 z weryfikowania autentyczno\u015bci w dowolnym miejscu i czasie.<\/p>\n          <\/div>\n          <div class=\"items-item-image\">\n            <img decoding=\"async\" src=\"https:\/\/zweryfikuj.olx.pl\/wp-content\/uploads\/2025\/07\/items-item-3.png\" alt=\"Dost\u0119pno\u015b\u0107 24\/7\">\n          <\/div>\n        <\/div>\n              <div class=\"items-item\">\n          <div class=\"items-item-text\">\n            <h5>Certyfikat<\/h5>\n            <p>Po weryfikacji otrzymujesz zabezpieczony cyfrowo certyfikat jako dow\u00f3d autentyczno\u015bci przedmiotu.<\/p>\n          <\/div>\n          <div class=\"items-item-image\">\n            <img decoding=\"async\" src=\"https:\/\/zweryfikuj.olx.pl\/wp-content\/uploads\/2025\/07\/items-item-4.png\" alt=\"Certyfikat\">\n          <\/div>\n        <\/div>\n          <\/div>\n  <\/section>\n\n\n<section class=\"download\" >\n  <div class=\"container text-center\">\n    <p>Skorzystaj z aplikacji LEGIT APP i samodzielnie zweryfikuj autentyczno\u015b\u0107 produktu!<\/p>\n          <a href=\"https:\/\/legitapp.com\/pl\" target=\"_blank\" class=\"button\">Pobierz aplikacj\u0119<\/a>\n      <\/div>\n<\/section>\n\n<section class=\"footer\" >\n  <div class=\"container\">\n    <div class=\"footer-menu\">\n      <h5>Centrum pomocy<\/h5>\n            <ul>\n                <li>\n          <a href=\"https:\/\/pomoc.olx.pl\/olxplhelp\/s\/article\/Legit-App\" target=\"_blank\">Jak to dzia\u0142a?<\/a>\n        <\/li>\n                <li>\n          <a href=\"https:\/\/pomoc.olx.pl\/olxplhelp\/s\/article\/Legit-App\" target=\"_blank\">Kroki weryfikacji<\/a>\n        <\/li>\n                <li>\n          <a href=\"https:\/\/pomoc.olx.pl\/olxplhelp\/s\/article\/Legit-App\" target=\"_blank\">Metody p\u0142atno\u015bci<\/a>\n        <\/li>\n                <li>\n          <a href=\"https:\/\/pomoc.olx.pl\/olxplhelp\/s\/article\/Legit-App\" target=\"_blank\">Zasady zwrot\u00f3w i reklamacji<\/a>\n        <\/li>\n                <li>\n          <a href=\"https:\/\/pomoc.olx.pl\/olxplhelp\/s\/article\/Legit-App\" target=\"_blank\">Q&amp;A<\/a>\n        <\/li>\n                <li>\n          <a href=\"https:\/\/pomoc.olx.pl\/olxplhelp\/s\/article\/Legit-App\" target=\"_blank\">Kontakt<\/a>\n        <\/li>\n              <\/ul>\n          <\/div>\n    <div class=\"footer-logo\">\n      <img decoding=\"async\" src=\"https:\/\/zweryfikuj.olx.pl\/wp-content\/themes\/olx\/assets\/images\/logo-legitapp-olx.svg\" alt=\"\">\n    <\/div>\n  <\/div>\n<\/section>","protected":false},"excerpt":{"rendered":"","protected":false},"author":3,"featured_media":0,"parent":0,"menu_order":0,"comment_status":"closed","ping_status":"closed","template":"","meta":{"_acf_changed":true,"footnotes":""},"class_list":["post-7","page","type-page","status-publish","hentry"],"acf":[],"_links":{"self":[{"href":"https:\/\/zweryfikuj.olx.pl\/index.php?rest_route=\/wp\/v2\/pages\/7","targetHints":{"allow":["GET"]}}],"collection":[{"href":"https:\/\/zweryfikuj.olx.pl\/index.php?rest_route=\/wp\/v2\/pages"}],"about":[{"href":"https:\/\/zweryfikuj.olx.pl\/index.php?rest_route=\/wp\/v2\/types\/page"}],"author":[{"embeddable":true,"href":"https:\/\/zweryfikuj.olx.pl\/index.php?rest_route=\/wp\/v2\/users\/3"}],"replies":[{"embeddable":true,"href":"https:\/\/zweryfikuj.olx.pl\/index.php?rest_route=%2Fwp%2Fv2%2Fcomments&post=7"}],"version-history":[{"count":0,"href":"https:\/\/zweryfikuj.olx.pl\/index.php?rest_route=\/wp\/v2\/pages\/7\/revisions"}],"wp:attachment":[{"href":"https:\/\/zweryfikuj.olx.pl\/index.php?rest_route=%2Fwp%2Fv2%2Fmedia&parent=7"}],"curies":[{"name":"wp","href":"https:\/\/api.w.org\/{rel}","templated":true}]}}